{"id":3626,"date":"2023-04-11T12:05:48","date_gmt":"2023-04-11T12:05:48","guid":{"rendered":"https:\/\/esggia.com\/?page_id=3626"},"modified":"2023-05-29T16:54:23","modified_gmt":"2023-05-29T16:54:23","slug":"medioambiente","status":"publish","type":"page","link":"https:\/\/esggia.com\/en\/medioambiente\/","title":{"rendered":"Environment"},"content":{"rendered":"<div data-elementor-type=\"wp-page\" data-elementor-id=\"3626\" class=\"elementor elementor-3626\">\n\t\t\t\t<div class=\"elementor-element elementor-element-96744e1 e-con-full e-flex wpr-particle-no wpr-jarallax-no wpr-parallax-no wpr-sticky-section-no e-con e-parent\" data-id=\"96744e1\" data-element_type=\"container\" data-settings=\"{&quot;background_background&quot;:&quot;classic&quot;}\">\n\t\t<div class=\"elementor-element elementor-element-07b64f3 e-flex e-con-boxed wpr-particle-no wpr-jarallax-no wpr-parallax-no wpr-sticky-section-no e-con e-parent\" data-id=\"07b64f3\" data-element_type=\"container\" data-settings=\"{&quot;background_background&quot;:&quot;classic&quot;}\">\n\t\t\t\t\t<div class=\"e-con-inner\">\n\t\t<div class=\"elementor-element elementor-element-97d51dc e-con-full e-flex wpr-particle-no wpr-jarallax-no wpr-parallax-no wpr-sticky-section-no e-con e-parent\" data-id=\"97d51dc\" data-element_type=\"container\">\n\t\t\t\t<div class=\"elementor-element elementor-element-6f7e90e elementor-widget elementor-widget-heading\" data-id=\"6f7e90e\" data-element_type=\"widget\" data-widget_type=\"heading.default\">\n\t\t\t\t<div class=\"elementor-widget-container\">\n\t\t\t\t\t<h1 class=\"elementor-heading-title elementor-size-default\">Environment<\/h1>\t\t\t\t<\/div>\n\t\t\t\t<\/div>\n\t\t\t\t<\/div>\n\t\t\t\t\t<\/div>\n\t\t\t\t<\/div>\n\t\t\t\t<\/div>\n\t\t<div class=\"elementor-element elementor-element-c97c94a e-flex e-con-boxed wpr-particle-no wpr-jarallax-no wpr-parallax-no wpr-sticky-section-no e-con e-parent\" data-id=\"c97c94a\" data-element_type=\"container\">\n\t\t\t\t\t<div class=\"e-con-inner\">\n\t\t<div class=\"elementor-element elementor-element-9b8b9fa e-con-full e-flex wpr-particle-no wpr-jarallax-no wpr-parallax-no wpr-sticky-section-no e-con e-parent\" data-id=\"9b8b9fa\" data-element_type=\"container\">\n\t\t<div class=\"elementor-element elementor-element-d059c20 e-flex e-con-boxed wpr-particle-no wpr-jarallax-no wpr-parallax-no wpr-sticky-section-no e-con e-parent\" data-id=\"d059c20\" data-element_type=\"container\">\n\t\t\t\t\t<div class=\"e-con-inner\">\n\t\t<div class=\"elementor-element elementor-element-3a5887e e-flex e-con-boxed wpr-particle-no wpr-jarallax-no wpr-parallax-no wpr-sticky-section-no e-con e-parent\" data-id=\"3a5887e\" data-element_type=\"container\">\n\t\t\t\t\t<div class=\"e-con-inner\">\n\t\t\t\t<div class=\"elementor-element elementor-element-3b464da elementor-align-justify elementor-widget elementor-widget-button\" data-id=\"3b464da\" data-element_type=\"widget\" data-widget_type=\"button.default\">\n\t\t\t\t<div class=\"elementor-widget-container\">\n\t\t\t\t\t\t\t\t\t<div class=\"elementor-button-wrapper\">\n\t\t\t\t\t<a class=\"elementor-button elementor-button-link elementor-size-sm\" href=\"https:\/\/esggia.com\/en\/sostenibilidad-estrategica\/\">\n\t\t\t\t\t\t<span class=\"elementor-button-content-wrapper\">\n\t\t\t\t\t\t\t\t\t<span class=\"elementor-button-text\">Strategy<\/span>\n\t\t\t\t\t<\/span>\n\t\t\t\t\t<\/a>\n\t\t\t\t<\/div>\n\t\t\t\t\t\t\t\t<\/div>\n\t\t\t\t<\/div>\n\t\t\t\t\t<\/div>\n\t\t\t\t<\/div>\n\t\t<div class=\"elementor-element elementor-element-9febbb3 e-flex e-con-boxed wpr-particle-no wpr-jarallax-no wpr-parallax-no wpr-sticky-section-no e-con e-parent\" data-id=\"9febbb3\" data-element_type=\"container\">\n\t\t\t\t\t<div class=\"e-con-inner\">\n\t\t\t\t<div class=\"elementor-element elementor-element-f68e24a elementor-align-justify elementor-widget elementor-widget-button\" data-id=\"f68e24a\" data-element_type=\"widget\" data-widget_type=\"button.default\">\n\t\t\t\t<div class=\"elementor-widget-container\">\n\t\t\t\t\t\t\t\t\t<div class=\"elementor-button-wrapper\">\n\t\t\t\t\t<a class=\"elementor-button elementor-button-link elementor-size-sm\" href=\"https:\/\/esggia.com\/en\/medioambiente\/\">\n\t\t\t\t\t\t<span class=\"elementor-button-content-wrapper\">\n\t\t\t\t\t\t\t\t\t<span class=\"elementor-button-text\">Environment<\/span>\n\t\t\t\t\t<\/span>\n\t\t\t\t\t<\/a>\n\t\t\t\t<\/div>\n\t\t\t\t\t\t\t\t<\/div>\n\t\t\t\t<\/div>\n\t\t\t\t\t<\/div>\n\t\t\t\t<\/div>\n\t\t<div class=\"elementor-element elementor-element-a8b19b8 e-flex e-con-boxed wpr-particle-no wpr-jarallax-no wpr-parallax-no wpr-sticky-section-no e-con e-parent\" data-id=\"a8b19b8\" data-element_type=\"container\">\n\t\t\t\t\t<div class=\"e-con-inner\">\n\t\t\t\t<div class=\"elementor-element elementor-element-c1dd573 elementor-align-justify elementor-widget elementor-widget-button\" data-id=\"c1dd573\" data-element_type=\"widget\" data-widget_type=\"button.default\">\n\t\t\t\t<div class=\"elementor-widget-container\">\n\t\t\t\t\t\t\t\t\t<div class=\"elementor-button-wrapper\">\n\t\t\t\t\t<a class=\"elementor-button elementor-button-link elementor-size-sm\" href=\"https:\/\/esggia.com\/en\/social\/\">\n\t\t\t\t\t\t<span class=\"elementor-button-content-wrapper\">\n\t\t\t\t\t\t\t\t\t<span class=\"elementor-button-text\">Social<\/span>\n\t\t\t\t\t<\/span>\n\t\t\t\t\t<\/a>\n\t\t\t\t<\/div>\n\t\t\t\t\t\t\t\t<\/div>\n\t\t\t\t<\/div>\n\t\t\t\t\t<\/div>\n\t\t\t\t<\/div>\n\t\t<div class=\"elementor-element elementor-element-9729abf e-flex e-con-boxed wpr-particle-no wpr-jarallax-no wpr-parallax-no wpr-sticky-section-no e-con e-parent\" data-id=\"9729abf\" data-element_type=\"container\" data-settings=\"{&quot;background_background&quot;:&quot;classic&quot;}\">\n\t\t\t\t\t<div class=\"e-con-inner\">\n\t\t\t\t<div class=\"elementor-element elementor-element-cf0bd13 elementor-align-justify elementor-widget elementor-widget-button\" data-id=\"cf0bd13\" data-element_type=\"widget\" data-widget_type=\"button.default\">\n\t\t\t\t<div class=\"elementor-widget-container\">\n\t\t\t\t\t\t\t\t\t<div class=\"elementor-button-wrapper\">\n\t\t\t\t\t<a class=\"elementor-button elementor-button-link elementor-size-sm\" href=\"https:\/\/esggia.com\/en\/gobernanza\/\">\n\t\t\t\t\t\t<span class=\"elementor-button-content-wrapper\">\n\t\t\t\t\t\t\t\t\t<span class=\"elementor-button-text\">Governance<\/span>\n\t\t\t\t\t<\/span>\n\t\t\t\t\t<\/a>\n\t\t\t\t<\/div>\n\t\t\t\t\t\t\t\t<\/div>\n\t\t\t\t<\/div>\n\t\t\t\t\t<\/div>\n\t\t\t\t<\/div>\n\t\t\t\t\t<\/div>\n\t\t\t\t<\/div>\n\t\t\t\t<div class=\"elementor-element elementor-element-826a17a elementor-widget__width-inherit wpr-grid-columns-3 wpr-grid-columns--widescreen3 wpr-grid-columns--laptop3 wpr-grid-columns--tablet_extra3 wpr-grid-columns--tablet2 wpr-grid-columns--mobile1 wpr-grid-pagination-center wpr-item-styles-inner elementor-widget elementor-widget-wpr-grid\" data-id=\"826a17a\" data-element_type=\"widget\" data-widget_type=\"wpr-grid.default\">\n\t\t\t\t<div class=\"elementor-widget-container\">\n\t\t\t\t\t<ul class=\"wpr-grid-filters elementor-clearfix wpr-grid-filters-sep-right\"><li class=\"wpr-pointer-none wpr-pointer-line-fx wpr-pointer-fx-none\"><span  data-filter=\"*\" class=\"wpr-grid-filters-item wpr-active-filter\">All Post<\/span><em class=\"wpr-grid-filters-sep\"><\/em><\/li><li class=\"wpr-pointer-none wpr-pointer-line-fx wpr-pointer-fx-none\"><span   data-ajax-filter=\"[\"category\",\"medioambiente\"]\" data-filter=\".category-medioambiente\">Environment<\/span><em class=\"wpr-grid-filters-sep\"><\/em><\/li><\/ul><section class=\"wpr-grid elementor-clearfix\" data-settings=\"{&quot;layout&quot;:&quot;fitRows&quot;,&quot;stick_last_element_to_bottom&quot;:&quot;&quot;,&quot;columns_desktop&quot;:3,&quot;gutter_hr&quot;:20,&quot;gutter_hr_mobile&quot;:20,&quot;gutter_hr_mobile_extra&quot;:20,&quot;gutter_hr_tablet&quot;:20,&quot;gutter_hr_tablet_extra&quot;:20,&quot;gutter_hr_laptop&quot;:20,&quot;gutter_hr_widescreen&quot;:20,&quot;gutter_vr&quot;:60,&quot;gutter_vr_mobile&quot;:60,&quot;gutter_vr_mobile_extra&quot;:60,&quot;gutter_vr_tablet&quot;:60,&quot;gutter_vr_tablet_extra&quot;:60,&quot;gutter_vr_laptop&quot;:60,&quot;gutter_vr_widescreen&quot;:60,&quot;animation&quot;:&quot;default&quot;,&quot;animation_duration&quot;:0.3,&quot;animation_delay&quot;:0.1,&quot;deeplinking&quot;:&quot;&quot;,&quot;filters_linkable&quot;:&quot;no&quot;,&quot;filters_default_filter&quot;:&quot;&quot;,&quot;filters_count&quot;:&quot;&quot;,&quot;filters_hide_empty&quot;:&quot;no&quot;,&quot;filters_animation&quot;:&quot;default&quot;,&quot;filters_animation_duration&quot;:0.3,&quot;filters_animation_delay&quot;:0.1,&quot;pagination_type&quot;:&quot;load-more&quot;,&quot;pagination_max_pages&quot;:1,&quot;lightbox&quot;:{&quot;selector&quot;:&quot;.wpr-grid-image-wrap&quot;,&quot;iframeMaxWidth&quot;:&quot;60%&quot;,&quot;hash&quot;:false,&quot;autoplay&quot;:&quot;&quot;,&quot;pause&quot;:5000,&quot;progressBar&quot;:&quot;&quot;,&quot;counter&quot;:&quot;&quot;,&quot;controls&quot;:&quot;&quot;,&quot;getCaptionFromTitleOrAlt&quot;:&quot;&quot;,&quot;thumbnail&quot;:&quot;&quot;,&quot;showThumbByDefault&quot;:&quot;&quot;,&quot;share&quot;:&quot;&quot;,&quot;zoom&quot;:&quot;&quot;,&quot;fullScreen&quot;:&quot;&quot;,&quot;download&quot;:&quot;&quot;}}\"><article class=\"wpr-grid-item elementor-clearfix post-2934 post type-post status-publish format-standard has-post-thumbnail hentry category-medioambiente\"><div class=\"wpr-grid-item-inner\"><div class=\"wpr-grid-media-wrap wpr-effect-size-medium\" data-overlay-link=\"yes\"><div class=\"wpr-grid-image-wrap\" data-src=\"https:\/\/esggia.com\/wp-content\/uploads\/2023\/04\/img-esggia-category-600x400-2-0.jpg\" data-img-on-hover=\"\"  data-src-secondary=\"\"><img decoding=\"async\" data-no-lazy=\"1\" src=\"https:\/\/esggia.com\/wp-content\/uploads\/2023\/04\/img-esggia-category-600x400-2-0.jpg\" alt=\"Olive Grove on the island of Greece. plantation of olive trees\" class=\"wpr-anim-timing-ease-default\"><\/div><div class=\"wpr-grid-media-hover wpr-animation-wrap\"><div class=\"wpr-grid-media-hover-bg  wpr-overlay-fade-in wpr-anim-size-large wpr-anim-timing-ease-default wpr-anim-transparency\" data-url=\"https:\/\/esggia.com\/en\/2023\/03\/05\/la-descarbonizacion-como-motor-de-estrategias-disruptivas\/\"><\/div><\/div><\/div><div class=\"wpr-grid-item-below-content elementor-clearfix\"><h2 class=\"wpr-grid-item-title elementor-repeater-item-73007b1 wpr-grid-item-display-block wpr-grid-item-align-left wpr-pointer-none wpr-pointer-line-fx wpr-pointer-fx-fade\"><div class=\"inner-block\"><a target=\"_self\"  href=\"https:\/\/esggia.com\/en\/2023\/03\/05\/la-descarbonizacion-como-motor-de-estrategias-disruptivas\/\">Decarbonization: catalyst of disruptive strategies<\/a><\/div><\/h2><div class=\"wpr-grid-item-excerpt elementor-repeater-item-2645bc1 wpr-grid-item-display-block wpr-grid-item-align-left\"><div class=\"inner-block\"><p>Con la descarbonizaci\u00f3n vuelve la Estrategia con may\u00fascula, cuando acertar o equivocarse afecta no solo a los resultados sino tambi\u00e9n...<\/p><\/div><\/div><\/div><\/div><\/article><article class=\"wpr-grid-item elementor-clearfix post-3894 post type-post status-publish format-standard has-post-thumbnail hentry category-medioambiente\"><div class=\"wpr-grid-item-inner\"><div class=\"wpr-grid-media-wrap wpr-effect-size-medium\" data-overlay-link=\"yes\"><div class=\"wpr-grid-image-wrap\" data-src=\"https:\/\/esggia.com\/wp-content\/uploads\/2023\/04\/img-esggia-post-environment-600x400-2-0.jpg\" data-img-on-hover=\"\"  data-src-secondary=\"\"><img decoding=\"async\" data-no-lazy=\"1\" src=\"https:\/\/esggia.com\/wp-content\/uploads\/2023\/04\/img-esggia-post-environment-600x400-2-0.jpg\" alt=\"Acci\u00f3n clim\u00e1tica: responsabilidad de todos\" class=\"wpr-anim-timing-ease-default\"><\/div><div class=\"wpr-grid-media-hover wpr-animation-wrap\"><div class=\"wpr-grid-media-hover-bg  wpr-overlay-fade-in wpr-anim-size-large wpr-anim-timing-ease-default wpr-anim-transparency\" data-url=\"https:\/\/esggia.com\/en\/2023\/04\/18\/accion-climatica-con-ideologia-politica\/\"><\/div><\/div><\/div><div class=\"wpr-grid-item-below-content elementor-clearfix\"><h2 class=\"wpr-grid-item-title elementor-repeater-item-73007b1 wpr-grid-item-display-block wpr-grid-item-align-left wpr-pointer-none wpr-pointer-line-fx wpr-pointer-fx-fade\"><div class=\"inner-block\"><a target=\"_self\"  href=\"https:\/\/esggia.com\/en\/2023\/04\/18\/accion-climatica-con-ideologia-politica\/\">Climate action is everyone's responsibility<\/a><\/div><\/h2><div class=\"wpr-grid-item-excerpt elementor-repeater-item-2645bc1 wpr-grid-item-display-block wpr-grid-item-align-left\"><div class=\"inner-block\"><p>Observo un creciente riesgo de asociar acci\u00f3n clim\u00e1tica con ideolog\u00eda pol\u00edtica. El cambio clim\u00e1tico es una realidad cient\u00edficamente probada que...<\/p><\/div><\/div><\/div><\/div><\/article><article class=\"wpr-grid-item elementor-clearfix post-3897 post type-post status-publish format-standard has-post-thumbnail hentry category-medioambiente\"><div class=\"wpr-grid-item-inner\"><div class=\"wpr-grid-media-wrap wpr-effect-size-medium\" data-overlay-link=\"yes\"><div class=\"wpr-grid-image-wrap\" data-src=\"https:\/\/esggia.com\/wp-content\/uploads\/2023\/04\/Basajarau-4.png\" data-img-on-hover=\"\"  data-src-secondary=\"\"><img decoding=\"async\" data-no-lazy=\"1\" src=\"https:\/\/esggia.com\/wp-content\/uploads\/2023\/04\/Basajarau-4.png\" alt=\"Servicios medioambientales: sector de oportunidad\" class=\"wpr-anim-timing-ease-default\"><\/div><div class=\"wpr-grid-media-hover wpr-animation-wrap\"><div class=\"wpr-grid-media-hover-bg  wpr-overlay-fade-in wpr-anim-size-large wpr-anim-timing-ease-default wpr-anim-transparency\" data-url=\"https:\/\/esggia.com\/en\/2023\/04\/18\/servicios-medioambientales-el-cisne-que-viene\/\"><\/div><\/div><\/div><div class=\"wpr-grid-item-below-content elementor-clearfix\"><h2 class=\"wpr-grid-item-title elementor-repeater-item-73007b1 wpr-grid-item-display-block wpr-grid-item-align-left wpr-pointer-none wpr-pointer-line-fx wpr-pointer-fx-fade\"><div class=\"inner-block\"><a target=\"_self\"  href=\"https:\/\/esggia.com\/en\/2023\/04\/18\/servicios-medioambientales-el-cisne-que-viene\/\">Environmental services: the upcoming (white) swan<\/a><\/div><\/h2><div class=\"wpr-grid-item-excerpt elementor-repeater-item-2645bc1 wpr-grid-item-display-block wpr-grid-item-align-left\"><div class=\"inner-block\"><p>En comparaci\u00f3n con otros sectores, la gesti\u00f3n de residuos (recogida, tratamiento, valorizaci\u00f3n y eliminaci\u00f3n) ha sido considerada un \u00abpatito feo\u00bb...<\/p><\/div><\/div><\/div><\/div><\/article><article class=\"wpr-grid-item elementor-clearfix post-3900 post type-post status-publish format-standard has-post-thumbnail hentry category-medioambiente\"><div class=\"wpr-grid-item-inner\"><div class=\"wpr-grid-media-wrap wpr-effect-size-medium\" data-overlay-link=\"yes\"><div class=\"wpr-grid-image-wrap\" data-src=\"https:\/\/esggia.com\/wp-content\/uploads\/2023\/04\/Basajarau-5.png\" data-img-on-hover=\"\"  data-src-secondary=\"\"><img decoding=\"async\" data-no-lazy=\"1\" src=\"https:\/\/esggia.com\/wp-content\/uploads\/2023\/04\/Basajarau-5.png\" alt=\"Cr\u00e9ditos de carbono: mucho m\u00e1s que compensaci\u00f3n\" class=\"wpr-anim-timing-ease-default\"><\/div><div class=\"wpr-grid-media-hover wpr-animation-wrap\"><div class=\"wpr-grid-media-hover-bg  wpr-overlay-fade-in wpr-anim-size-large wpr-anim-timing-ease-default wpr-anim-transparency\" data-url=\"https:\/\/esggia.com\/en\/2023\/04\/18\/las-empresas-que-aspiran-a-ser-climaticamente-neutras\/\"><\/div><\/div><\/div><div class=\"wpr-grid-item-below-content elementor-clearfix\"><h2 class=\"wpr-grid-item-title elementor-repeater-item-73007b1 wpr-grid-item-display-block wpr-grid-item-align-left wpr-pointer-none wpr-pointer-line-fx wpr-pointer-fx-fade\"><div class=\"inner-block\"><a target=\"_self\"  href=\"https:\/\/esggia.com\/en\/2023\/04\/18\/las-empresas-que-aspiran-a-ser-climaticamente-neutras\/\">Carbon credits: beyond emissions offsetting<\/a><\/div><\/h2><div class=\"wpr-grid-item-excerpt elementor-repeater-item-2645bc1 wpr-grid-item-display-block wpr-grid-item-align-left\"><div class=\"inner-block\"><p>Es pr\u00e1ctica habitual de las empresas que aspiran a ser clim\u00e1ticamente neutras compensar las emisiones que no pueden reducir por...<\/p><\/div><\/div><\/div><\/div><\/article><article class=\"wpr-grid-item elementor-clearfix post-3903 post type-post status-publish format-standard has-post-thumbnail hentry category-medioambiente\"><div class=\"wpr-grid-item-inner\"><div class=\"wpr-grid-media-wrap wpr-effect-size-medium\" data-overlay-link=\"yes\"><div class=\"wpr-grid-image-wrap\" data-src=\"https:\/\/esggia.com\/wp-content\/uploads\/2023\/04\/Basajarau-6.png\" data-img-on-hover=\"\"  data-src-secondary=\"\"><img decoding=\"async\" data-no-lazy=\"1\" src=\"https:\/\/esggia.com\/wp-content\/uploads\/2023\/04\/Basajarau-6.png\" alt=\"Circularidad estrat\u00e9gica y valor financiero\" class=\"wpr-anim-timing-ease-default\"><\/div><div class=\"wpr-grid-media-hover wpr-animation-wrap\"><div class=\"wpr-grid-media-hover-bg  wpr-overlay-fade-in wpr-anim-size-large wpr-anim-timing-ease-default wpr-anim-transparency\" data-url=\"https:\/\/esggia.com\/en\/2023\/04\/18\/la-economia-circular-es-un-metaverso-con-atractivas-oportunidades-de-negocio\/\"><\/div><\/div><\/div><div class=\"wpr-grid-item-below-content elementor-clearfix\"><h2 class=\"wpr-grid-item-title elementor-repeater-item-73007b1 wpr-grid-item-display-block wpr-grid-item-align-left wpr-pointer-none wpr-pointer-line-fx wpr-pointer-fx-fade\"><div class=\"inner-block\"><a target=\"_self\"  href=\"https:\/\/esggia.com\/en\/2023\/04\/18\/la-economia-circular-es-un-metaverso-con-atractivas-oportunidades-de-negocio\/\">Strategic circularity and financial value<\/a><\/div><\/h2><div class=\"wpr-grid-item-excerpt elementor-repeater-item-2645bc1 wpr-grid-item-display-block wpr-grid-item-align-left\"><div class=\"inner-block\"><p>La Econom\u00eda Circular es un \u201cmetaverso\u201d con atractivas oportunidades de negocio al que solo acceder\u00e1n las organizaciones estrat\u00e9gicamente inquietas y...<\/p><\/div><\/div><\/div><\/div><\/article><article class=\"wpr-grid-item elementor-clearfix post-3906 post type-post status-publish format-standard has-post-thumbnail hentry category-medioambiente\"><div class=\"wpr-grid-item-inner\"><div class=\"wpr-grid-media-wrap wpr-effect-size-medium\" data-overlay-link=\"yes\"><div class=\"wpr-grid-image-wrap\" data-src=\"https:\/\/esggia.com\/wp-content\/uploads\/2023\/04\/Basajarau-7.png\" data-img-on-hover=\"\"  data-src-secondary=\"\"><img decoding=\"async\" data-no-lazy=\"1\" src=\"https:\/\/esggia.com\/wp-content\/uploads\/2023\/04\/Basajarau-7.png\" alt=\"Protagonismo ciudadano para impulsar el reciclado urbano\" class=\"wpr-anim-timing-ease-default\"><\/div><div class=\"wpr-grid-media-hover wpr-animation-wrap\"><div class=\"wpr-grid-media-hover-bg  wpr-overlay-fade-in wpr-anim-size-large wpr-anim-timing-ease-default wpr-anim-transparency\" data-url=\"https:\/\/esggia.com\/en\/2023\/04\/18\/el-reciclado-de-los-residuos-en-las-ciudades\/\"><\/div><\/div><\/div><div class=\"wpr-grid-item-below-content elementor-clearfix\"><h2 class=\"wpr-grid-item-title elementor-repeater-item-73007b1 wpr-grid-item-display-block wpr-grid-item-align-left wpr-pointer-none wpr-pointer-line-fx wpr-pointer-fx-fade\"><div class=\"inner-block\"><a target=\"_self\"  href=\"https:\/\/esggia.com\/en\/2023\/04\/18\/el-reciclado-de-los-residuos-en-las-ciudades\/\">Citizen empowerment to foster urban recycling<\/a><\/div><\/h2><div class=\"wpr-grid-item-excerpt elementor-repeater-item-2645bc1 wpr-grid-item-display-block wpr-grid-item-align-left\"><div class=\"inner-block\"><p>El reciclado de los residuos que generamos en las ciudades es un eje fundamental para avanzar en la descarbonizaci\u00f3n. Un...<\/p><\/div><\/div><\/div><\/div><\/article><article class=\"wpr-grid-item elementor-clearfix post-3909 post type-post status-publish format-standard has-post-thumbnail hentry category-medioambiente\"><div class=\"wpr-grid-item-inner\"><div class=\"wpr-grid-media-wrap wpr-effect-size-medium\" data-overlay-link=\"yes\"><div class=\"wpr-grid-image-wrap\" data-src=\"https:\/\/esggia.com\/wp-content\/uploads\/2023\/04\/Basajarau-1-1.png\" data-img-on-hover=\"\"  data-src-secondary=\"\"><img decoding=\"async\" data-no-lazy=\"1\" src=\"https:\/\/esggia.com\/wp-content\/uploads\/2023\/04\/Basajarau-1-1.png\" alt=\"Capital privado: palanca clave de la Sostenibilidad\" class=\"wpr-anim-timing-ease-default\"><\/div><div class=\"wpr-grid-media-hover wpr-animation-wrap\"><div class=\"wpr-grid-media-hover-bg  wpr-overlay-fade-in wpr-anim-size-large wpr-anim-timing-ease-default wpr-anim-transparency\" data-url=\"https:\/\/esggia.com\/en\/2023\/04\/18\/private-equity\/\"><\/div><\/div><\/div><div class=\"wpr-grid-item-below-content elementor-clearfix\"><h2 class=\"wpr-grid-item-title elementor-repeater-item-73007b1 wpr-grid-item-display-block wpr-grid-item-align-left wpr-pointer-none wpr-pointer-line-fx wpr-pointer-fx-fade\"><div class=\"inner-block\"><a target=\"_self\"  href=\"https:\/\/esggia.com\/en\/2023\/04\/18\/private-equity\/\">Private Equity: key sustainability lever<\/a><\/div><\/h2><div class=\"wpr-grid-item-excerpt elementor-repeater-item-2645bc1 wpr-grid-item-display-block wpr-grid-item-align-left\"><div class=\"inner-block\"><p>Poco se habla del papel fundamental que puede jugar el Private Equity en la mitigaci\u00f3n del cambio clim\u00e1tico. Algunas operaciones...<\/p><\/div><\/div><\/div><\/div><\/article><\/section>\t\t\t\t<\/div>\n\t\t\t\t<\/div>\n\t\t\t\t<\/div>\n\t\t\t\t\t<\/div>\n\t\t\t\t<\/div>\n\t\t\t\t<\/div>","protected":false},"excerpt":{"rendered":"<p>Medioambiente Estrategia Medioambiente Social Gobernanza All Post Medioambiente La descarbonizaci\u00f3n como motor de estrategias disruptivas Con la descarbonizaci\u00f3n vuelve la Estrategia con may\u00fascula, cuando acertar o equivocarse afecta no solo a los resultados sino tambi\u00e9n&hellip; Acci\u00f3n clim\u00e1tica: responsabilidad de todos Observo un creciente riesgo de asociar acci\u00f3n clim\u00e1tica con ideolog\u00eda pol\u00edtica. El cambio clim\u00e1tico es una realidad cient\u00edficamente probada que&hellip; Servicios medioambientales: sector de oportunidad En comparaci\u00f3n con otros sectores, la gesti\u00f3n de residuos (recogida, tratamiento, recuperaci\u00f3n y eliminaci\u00f3n) ha sido considerada un \u00abpatito feo\u00bb&hellip; Cr\u00e9ditos de carbono: mucho m\u00e1s que compensaci\u00f3n Es pr\u00e1ctica habitual de las empresas que aspiran a ser clim\u00e1ticamente neutras compensar las emisiones que no pueden reducir por&hellip; Circularidad estrat\u00e9gica y valor financiero La Econom\u00eda Circular es un \u201cmetaverso\u201d con atractivas oportunidades de negocio al que solo acceder\u00e1n las organizaciones estrat\u00e9gicamente inquietas y&hellip; Protagonismo ciudadano para impulsar el reciclado urbano El reciclado de los residuos que generamos en las ciudades es un eje fundamental para avanzar en la descarbonizaci\u00f3n. Un&hellip; Capital privado: palanca clave de la Sostenibilidad Poco se habla del papel fundamental que puede jugar el Private Equity en la mitigaci\u00f3n del cambio clim\u00e1tico. Algunas operaciones&hellip; Descarbonizaci\u00f3n y competitividad: el caso del sector energ\u00e9tico El sector energ\u00e9tico, emisor de un tercio de los gases de efecto invernadero, ha sido pionero en el camino hacia&hellip;<\/p>","protected":false},"author":1,"featured_media":0,"parent":0,"menu_order":0,"comment_status":"closed","ping_status":"closed","template":"","meta":{"site-sidebar-layout":"no-sidebar","site-content-layout":"page-builder","ast-site-content-layout":"default","site-content-style":"default","site-sidebar-style":"default","ast-global-header-display":"","ast-banner-title-visibility":"","ast-main-header-display":"","ast-hfb-above-header-display":"","ast-hfb-below-header-display":"","ast-hfb-mobile-header-display":"","site-post-title":"disabled","ast-breadcrumbs-content":"","ast-featured-img":"disabled","footer-sml-layout":"","theme-transparent-header-meta":"enabled","adv-header-id-meta":"","stick-header-meta":"","header-above-stick-meta":"","header-main-stick-meta":"","header-below-stick-meta":"","astra-migrate-meta-layouts":"default","ast-page-background-enabled":"default","ast-page-background-meta":{"desktop":{"background-color":"var(--ast-global-color-4)","background-image":"","background-repeat":"repeat","background-position":"center center","background-size":"auto","background-attachment":"scroll","background-type":"","background-media":"","overlay-type":"","overlay-color":"","overlay-opacity":"","overlay-gradient":""},"tablet":{"background-color":"","background-image":"","background-repeat":"repeat","background-position":"center center","background-size":"auto","background-attachment":"scroll","background-type":"","background-media":"","overlay-type":"","overlay-color":"","overlay-opacity":"","overlay-gradient":""},"mobile":{"background-color":"","background-image":"","background-repeat":"repeat","background-position":"center center","background-size":"auto","background-attachment":"scroll","background-type":"","background-media":"","overlay-type":"","overlay-color":"","overlay-opacity":"","overlay-gradient":""}},"ast-content-background-meta":{"desktop":{"background-color":"var(--ast-global-color-5)","background-image":"","background-repeat":"repeat","background-position":"center center","background-size":"auto","background-attachment":"scroll","background-type":"","background-media":"","overlay-type":"","overlay-color":"","overlay-opacity":"","overlay-gradient":""},"tablet":{"background-color":"var(--ast-global-color-5)","background-image":"","background-repeat":"repeat","background-position":"center center","background-size":"auto","background-attachment":"scroll","background-type":"","background-media":"","overlay-type":"","overlay-color":"","overlay-opacity":"","overlay-gradient":""},"mobile":{"background-color":"var(--ast-global-color-5)","background-image":"","background-repeat":"repeat","background-position":"center center","background-size":"auto","background-attachment":"scroll","background-type":"","background-media":"","overlay-type":"","overlay-color":"","overlay-opacity":"","overlay-gradient":""}},"footnotes":""},"class_list":["post-3626","page","type-page","status-publish","hentry"],"_links":{"self":[{"href":"https:\/\/esggia.com\/en\/wp-json\/wp\/v2\/pages\/3626","targetHints":{"allow":["GET"]}}],"collection":[{"href":"https:\/\/esggia.com\/en\/wp-json\/wp\/v2\/pages"}],"about":[{"href":"https:\/\/esggia.com\/en\/wp-json\/wp\/v2\/types\/page"}],"author":[{"embeddable":true,"href":"https:\/\/esggia.com\/en\/wp-json\/wp\/v2\/users\/1"}],"replies":[{"embeddable":true,"href":"https:\/\/esggia.com\/en\/wp-json\/wp\/v2\/comments?post=3626"}],"version-history":[{"count":28,"href":"https:\/\/esggia.com\/en\/wp-json\/wp\/v2\/pages\/3626\/revisions"}],"predecessor-version":[{"id":4477,"href":"https:\/\/esggia.com\/en\/wp-json\/wp\/v2\/pages\/3626\/revisions\/4477"}],"wp:attachment":[{"href":"https:\/\/esggia.com\/en\/wp-json\/wp\/v2\/media?parent=3626"}],"curies":[{"name":"wp","href":"https:\/\/api.w.org\/{rel}","templated":true}]}}