{"id":3458,"date":"2023-04-03T10:37:07","date_gmt":"2023-04-03T10:37:07","guid":{"rendered":"https:\/\/esggia.com\/?page_id=3458"},"modified":"2023-05-30T17:15:58","modified_gmt":"2023-05-30T17:15:58","slug":"politica-de-privacidad","status":"publish","type":"page","link":"https:\/\/esggia.com\/en\/politica-de-privacidad\/","title":{"rendered":"Privacy policy"},"content":{"rendered":"<div data-elementor-type=\"wp-page\" data-elementor-id=\"3458\" class=\"elementor elementor-3458\">\n\t\t\t\t<div class=\"elementor-element elementor-element-8dbf916 e-con-full e-flex wpr-particle-no wpr-jarallax-no wpr-parallax-no wpr-sticky-section-no e-con e-parent\" data-id=\"8dbf916\" data-element_type=\"container\" data-settings=\"{&quot;background_background&quot;:&quot;classic&quot;}\">\n\t\t<div class=\"elementor-element elementor-element-3e4e3ec e-flex e-con-boxed wpr-particle-no wpr-jarallax-no wpr-parallax-no wpr-sticky-section-no e-con e-parent\" data-id=\"3e4e3ec\" data-element_type=\"container\">\n\t\t\t\t\t<div class=\"e-con-inner\">\n\t\t\t\t\t<\/div>\n\t\t\t\t<\/div>\n\t\t\t\t<\/div>\n\t\t<div class=\"elementor-element elementor-element-3d647d0 e-flex e-con-boxed wpr-particle-no wpr-jarallax-no wpr-parallax-no wpr-sticky-section-no e-con e-parent\" data-id=\"3d647d0\" data-element_type=\"container\">\n\t\t\t\t\t<div class=\"e-con-inner\">\n\t\t<div class=\"elementor-element elementor-element-26a7c63 e-flex e-con-boxed wpr-particle-no wpr-jarallax-no wpr-parallax-no wpr-sticky-section-no e-con e-parent\" data-id=\"26a7c63\" data-element_type=\"container\">\n\t\t\t\t\t<div class=\"e-con-inner\">\n\t\t\t\t<div class=\"elementor-element elementor-element-f4c9eba elementor-widget elementor-widget-heading\" data-id=\"f4c9eba\" data-element_type=\"widget\" data-widget_type=\"heading.default\">\n\t\t\t\t<div class=\"elementor-widget-container\">\n\t\t\t\t\t<h1 class=\"elementor-heading-title elementor-size-default\">Privacy policy<\/h1>\t\t\t\t<\/div>\n\t\t\t\t<\/div>\n\t\t\t\t<div class=\"elementor-element elementor-element-8ca0ce0 elementor-widget elementor-widget-spacer\" data-id=\"8ca0ce0\" data-element_type=\"widget\" data-widget_type=\"spacer.default\">\n\t\t\t\t<div class=\"elementor-widget-container\">\n\t\t\t\t\t\t\t<div class=\"elementor-spacer\">\n\t\t\t<div class=\"elementor-spacer-inner\"><\/div>\n\t\t<\/div>\n\t\t\t\t\t\t<\/div>\n\t\t\t\t<\/div>\n\t\t\t\t<div class=\"elementor-element elementor-element-8ab5443 elementor-widget elementor-widget-heading\" data-id=\"8ab5443\" data-element_type=\"widget\" data-widget_type=\"heading.default\">\n\t\t\t\t<div class=\"elementor-widget-container\">\n\t\t\t\t\t<p class=\"elementor-heading-title elementor-size-default\">Protection of personal data<\/p>\t\t\t\t<\/div>\n\t\t\t\t<\/div>\n\t\t\t\t<div class=\"elementor-element elementor-element-ee08d82 elementor-widget elementor-widget-spacer\" data-id=\"ee08d82\" data-element_type=\"widget\" data-widget_type=\"spacer.default\">\n\t\t\t\t<div class=\"elementor-widget-container\">\n\t\t\t\t\t\t\t<div class=\"elementor-spacer\">\n\t\t\t<div class=\"elementor-spacer-inner\"><\/div>\n\t\t<\/div>\n\t\t\t\t\t\t<\/div>\n\t\t\t\t<\/div>\n\t\t\t\t<div class=\"elementor-element elementor-element-48f9b0b elementor-widget elementor-widget-text-editor\" data-id=\"48f9b0b\" data-element_type=\"widget\" data-widget_type=\"text-editor.default\">\n\t\t\t\t<div class=\"elementor-widget-container\">\n\t\t\t\t\t\t\t\t\t<table width=\"652\"><tbody><tr><td colspan=\"2\" width=\"652\"><p><strong>BASIC INFORMATION ON DATA PROTECTION<\/strong><\/p><\/td><\/tr><tr><td width=\"173\"><p><strong>Responsible<\/strong><\/p><\/td><td width=\"479\"><p>I\u00d1IGO JODRA URIARTE.<\/p><\/td><\/tr><tr><td width=\"173\"><p><strong>Purpose<\/strong><\/p><\/td><td width=\"479\"><p>The maintenance of communication between both parties, the resolution of doubts and queries raised, and to facilitate access to our clients and contacts to information regarding our services.<\/p><\/td><\/tr><tr><td width=\"173\"><p><strong>Legitimation<\/strong><\/p><\/td><td width=\"479\"><p>Consent of the interested party or his\/her legal representative when filling out the request or query form that he\/she makes, or when contacting through any of the contact email links provided on the page.<\/p><\/td><\/tr><tr><td width=\"173\"><p><strong>Recipients<\/strong><\/p><\/td><td width=\"479\"><p>The personal data that you have provided is solely addressed to I\u00d1IGO JODRA URIARTE.<\/p><p>Data transfers are not foreseen.<\/p><p>The international transfer of your personal data is not foreseen.<\/p><\/td><\/tr><tr><td width=\"173\"><p><strong>Rights<\/strong><\/p><\/td><td width=\"479\"><p>You have the right to access, rectify and delete the data, as well as other rights, as explained in the additional information, by contacting I\u00d1IGO JODRA URIARTE C\/ FLORENCIO CASTILLO, 36 BAJO A, MADRID, 28043, esggia@esggia.com<\/p><\/td><\/tr><tr><td width=\"173\"><p><strong>Additional Information<\/strong><\/p><\/td><td width=\"479\"><p>You can consult the additional information on Data Protection in the section below.<\/p><\/td><\/tr><\/tbody><\/table><p>\u00a0<\/p>\t\t\t\t\t\t\t\t<\/div>\n\t\t\t\t<\/div>\n\t\t\t\t<div class=\"elementor-element elementor-element-51f8e03 elementor-widget elementor-widget-text-editor\" data-id=\"51f8e03\" data-element_type=\"widget\" data-widget_type=\"text-editor.default\">\n\t\t\t\t<div class=\"elementor-widget-container\">\n\t\t\t\t\t\t\t\t\t<p>The interested party acknowledges receipt of this information from I\u00d1IGO JODRA URIARTE, and has read the additional information on the processing of his\/her personal data.<\/p>\t\t\t\t\t\t\t\t<\/div>\n\t\t\t\t<\/div>\n\t\t\t\t<div class=\"elementor-element elementor-element-dc2b477 elementor-widget elementor-widget-spacer\" data-id=\"dc2b477\" data-element_type=\"widget\" data-widget_type=\"spacer.default\">\n\t\t\t\t<div class=\"elementor-widget-container\">\n\t\t\t\t\t\t\t<div class=\"elementor-spacer\">\n\t\t\t<div class=\"elementor-spacer-inner\"><\/div>\n\t\t<\/div>\n\t\t\t\t\t\t<\/div>\n\t\t\t\t<\/div>\n\t\t\t\t<div class=\"elementor-element elementor-element-3908745 elementor-widget elementor-widget-heading\" data-id=\"3908745\" data-element_type=\"widget\" data-widget_type=\"heading.default\">\n\t\t\t\t<div class=\"elementor-widget-container\">\n\t\t\t\t\t<p class=\"elementor-heading-title elementor-size-default\">Additional information on Data Protection<\/p>\t\t\t\t<\/div>\n\t\t\t\t<\/div>\n\t\t\t\t<div class=\"elementor-element elementor-element-4d9a0fd elementor-widget elementor-widget-spacer\" data-id=\"4d9a0fd\" data-element_type=\"widget\" data-widget_type=\"spacer.default\">\n\t\t\t\t<div class=\"elementor-widget-container\">\n\t\t\t\t\t\t\t<div class=\"elementor-spacer\">\n\t\t\t<div class=\"elementor-spacer-inner\"><\/div>\n\t\t<\/div>\n\t\t\t\t\t\t<\/div>\n\t\t\t\t<\/div>\n\t\t\t\t<div class=\"elementor-element elementor-element-7dc0506 elementor-widget elementor-widget-heading\" data-id=\"7dc0506\" data-element_type=\"widget\" data-widget_type=\"heading.default\">\n\t\t\t\t<div class=\"elementor-widget-container\">\n\t\t\t\t\t<p class=\"elementor-heading-title elementor-size-default\">Who is the Responsible for the processing of your personal data?<\/p>\t\t\t\t<\/div>\n\t\t\t\t<\/div>\n\t\t\t\t<div class=\"elementor-element elementor-element-6eea87e elementor-widget elementor-widget-text-editor\" data-id=\"6eea87e\" data-element_type=\"widget\" data-widget_type=\"text-editor.default\">\n\t\t\t\t<div class=\"elementor-widget-container\">\n\t\t\t\t\t\t\t\t\t<p><strong>Identity:<\/strong> I\u00d1IGO JODRA URIARTE.<br \/><strong>Postal Address:<\/strong> C\/ FLORENCIO CASTILLO, 36 LOW, MADRID, 28043.<br \/><strong>E-mail:<\/strong> esggia@esggia.com<\/p>\t\t\t\t\t\t\t\t<\/div>\n\t\t\t\t<\/div>\n\t\t\t\t<div class=\"elementor-element elementor-element-7263569 elementor-widget elementor-widget-heading\" data-id=\"7263569\" data-element_type=\"widget\" data-widget_type=\"heading.default\">\n\t\t\t\t<div class=\"elementor-widget-container\">\n\t\t\t\t\t<p class=\"elementor-heading-title elementor-size-default\">For what purpose do we process your personal data?<\/p>\t\t\t\t<\/div>\n\t\t\t\t<\/div>\n\t\t\t\t<div class=\"elementor-element elementor-element-4897755 elementor-widget elementor-widget-text-editor\" data-id=\"4897755\" data-element_type=\"widget\" data-widget_type=\"text-editor.default\">\n\t\t\t\t<div class=\"elementor-widget-container\">\n\t\t\t\t\t\t\t\t\t<p>I\u00d1IGO JODRA URIARTE processes the information provided by interested people in order to maintain the communication between both parties, the resolution of doubts and queries raised.<\/p>\t\t\t\t\t\t\t\t<\/div>\n\t\t\t\t<\/div>\n\t\t\t\t<div class=\"elementor-element elementor-element-3b76159 elementor-widget elementor-widget-heading\" data-id=\"3b76159\" data-element_type=\"widget\" data-widget_type=\"heading.default\">\n\t\t\t\t<div class=\"elementor-widget-container\">\n\t\t\t\t\t<p class=\"elementor-heading-title elementor-size-default\">How long will we keep your data?<\/p>\t\t\t\t<\/div>\n\t\t\t\t<\/div>\n\t\t\t\t<div class=\"elementor-element elementor-element-76a3c4b elementor-widget elementor-widget-text-editor\" data-id=\"76a3c4b\" data-element_type=\"widget\" data-widget_type=\"text-editor.default\">\n\t\t\t\t<div class=\"elementor-widget-container\">\n\t\t\t\t\t\t\t\t\t<p>The personal data provided will be kept for a prudent time from the response to your query or request and will be deleted <strong>when they are no longer necessary for the purposes for which they were collected.<\/strong><\/p>\t\t\t\t\t\t\t\t<\/div>\n\t\t\t\t<\/div>\n\t\t\t\t<div class=\"elementor-element elementor-element-b51ebff elementor-widget elementor-widget-text-editor\" data-id=\"b51ebff\" data-element_type=\"widget\" data-widget_type=\"text-editor.default\">\n\t\t\t\t<div class=\"elementor-widget-container\">\n\t\t\t\t\t\t\t\t\t<p><strong>If the interested party has authorized the use of their contact information for the purpose of receiving commercial information, this data will be kept as long as the desire to be excluded from commercial distribution lists is not expressed.<\/strong><\/p>\t\t\t\t\t\t\t\t<\/div>\n\t\t\t\t<\/div>\n\t\t\t\t<div class=\"elementor-element elementor-element-0e41880 elementor-widget elementor-widget-heading\" data-id=\"0e41880\" data-element_type=\"widget\" data-widget_type=\"heading.default\">\n\t\t\t\t<div class=\"elementor-widget-container\">\n\t\t\t\t\t<p class=\"elementor-heading-title elementor-size-default\">What is the legitimacy for the processing of your personal data?<\/p>\t\t\t\t<\/div>\n\t\t\t\t<\/div>\n\t\t\t\t<div class=\"elementor-element elementor-element-7d89573 elementor-widget elementor-widget-text-editor\" data-id=\"7d89573\" data-element_type=\"widget\" data-widget_type=\"text-editor.default\">\n\t\t\t\t<div class=\"elementor-widget-container\">\n\t\t\t\t\t\t\t\t\t<p>The legal basis for the processing of your personal data is the consent of the interested party or his\/her legal representative when filling out the request or query form that he makes, or when contacting through any of the contact email links provided in the web.<\/p>\t\t\t\t\t\t\t\t<\/div>\n\t\t\t\t<\/div>\n\t\t\t\t<div class=\"elementor-element elementor-element-501c074 elementor-widget elementor-widget-heading\" data-id=\"501c074\" data-element_type=\"widget\" data-widget_type=\"heading.default\">\n\t\t\t\t<div class=\"elementor-widget-container\">\n\t\t\t\t\t<p class=\"elementor-heading-title elementor-size-default\">Will your data be communicated to third parties?<\/p>\t\t\t\t<\/div>\n\t\t\t\t<\/div>\n\t\t\t\t<div class=\"elementor-element elementor-element-768b8d6 elementor-widget elementor-widget-text-editor\" data-id=\"768b8d6\" data-element_type=\"widget\" data-widget_type=\"text-editor.default\">\n\t\t\t\t<div class=\"elementor-widget-container\">\n\t\t\t\t\t\t\t\t\t<p>No. The data you have provided are addressed to I\u00d1IGO JODRA URIARTE.<\/p>\t\t\t\t\t\t\t\t<\/div>\n\t\t\t\t<\/div>\n\t\t\t\t<div class=\"elementor-element elementor-element-c802a80 elementor-widget elementor-widget-text-editor\" data-id=\"c802a80\" data-element_type=\"widget\" data-widget_type=\"text-editor.default\">\n\t\t\t\t<div class=\"elementor-widget-container\">\n\t\t\t\t\t\t\t\t\t<p>The international transfer of your personal data is not foreseen.<\/p>\t\t\t\t\t\t\t\t<\/div>\n\t\t\t\t<\/div>\n\t\t\t\t<div class=\"elementor-element elementor-element-4fd58b4 elementor-widget elementor-widget-text-editor\" data-id=\"4fd58b4\" data-element_type=\"widget\" data-widget_type=\"text-editor.default\">\n\t\t\t\t<div class=\"elementor-widget-container\">\n\t\t\t\t\t\t\t\t\t<p>I\u00d1IGO JODRA URIARTE has contracted web hosting and webmail services with specialized providers. This means that the data from telematic shipments will at some point be stored on these third-party servers with which I\u00d1IGO JODRA URIARTE has signed the corresponding confidentiality clauses.<\/p>\t\t\t\t\t\t\t\t<\/div>\n\t\t\t\t<\/div>\n\t\t\t\t<div class=\"elementor-element elementor-element-127516d elementor-widget elementor-widget-heading\" data-id=\"127516d\" data-element_type=\"widget\" data-widget_type=\"heading.default\">\n\t\t\t\t<div class=\"elementor-widget-container\">\n\t\t\t\t\t<p class=\"elementor-heading-title elementor-size-default\">What are your rights when you provide us with your data?<\/p>\t\t\t\t<\/div>\n\t\t\t\t<\/div>\n\t\t\t\t<div class=\"elementor-element elementor-element-4fd2d04 elementor-widget elementor-widget-text-editor\" data-id=\"4fd2d04\" data-element_type=\"widget\" data-widget_type=\"text-editor.default\">\n\t\t\t\t<div class=\"elementor-widget-container\">\n\t\t\t\t\t\t\t\t\t<p>The interested parties have the right to <strong>access<\/strong> to their personal data, as well as to request the <strong>rectification<\/strong> of inaccurate data or, where appropriate, request their <strong>suppression<\/strong> when, among other reasons, data are no longer necessary for the purposes for which they were collected. They will also have the right to request the <strong>limitation<\/strong> of their treatment and to <strong>oppose<\/strong> to this and also have the right to the <strong>portability<\/strong> of your personal data in accordance with the provisions of the Data Protection Regulation sanctioned by the European Union.<\/p>\t\t\t\t\t\t\t\t<\/div>\n\t\t\t\t<\/div>\n\t\t\t\t<div class=\"elementor-element elementor-element-367cda3 elementor-widget elementor-widget-text-editor\" data-id=\"367cda3\" data-element_type=\"widget\" data-widget_type=\"text-editor.default\">\n\t\t\t\t<div class=\"elementor-widget-container\">\n\t\t\t\t\t\t\t\t\t<p>In certain circumstances, the interested parties may request the limitation of the processing of their data, in which case we will only keep them for the exercise or defense of claims.<\/p>\t\t\t\t\t\t\t\t<\/div>\n\t\t\t\t<\/div>\n\t\t\t\t<div class=\"elementor-element elementor-element-4c2829c elementor-widget elementor-widget-text-editor\" data-id=\"4c2829c\" data-element_type=\"widget\" data-widget_type=\"text-editor.default\">\n\t\t\t\t<div class=\"elementor-widget-container\">\n\t\t\t\t\t\t\t\t\t<p>In certain circumstances and for reasons related to their particular situation, the interested parties may oppose the processing of their data. I\u00d1IGO JODRA URIARTE will stop processing the data, except for legitimate reasons or the exercise or defense of possible claims.<\/p>\t\t\t\t\t\t\t\t<\/div>\n\t\t\t\t<\/div>\n\t\t\t\t<div class=\"elementor-element elementor-element-04deabe elementor-widget elementor-widget-text-editor\" data-id=\"04deabe\" data-element_type=\"widget\" data-widget_type=\"text-editor.default\">\n\t\t\t\t<div class=\"elementor-widget-container\">\n\t\t\t\t\t\t\t\t\t<p>To exercise the rights established by law and which have been described above, you must write to I\u00d1IGO JODRA URIARTE C\/ FLORENCIO CASTILLO, 36 BAJO A, MADRID, 28043, esggia@esggia.com.<\/p>\t\t\t\t\t\t\t\t<\/div>\n\t\t\t\t<\/div>\n\t\t\t\t<div class=\"elementor-element elementor-element-e277e1e elementor-widget elementor-widget-text-editor\" data-id=\"e277e1e\" data-element_type=\"widget\" data-widget_type=\"text-editor.default\">\n\t\t\t\t<div class=\"elementor-widget-container\">\n\t\t\t\t\t\t\t\t\t<p>If the interested party requests it, I\u00d1IGO JODRA URIARTE will provide them with the corresponding form to exercise any of their rights.<\/p>\t\t\t\t\t\t\t\t<\/div>\n\t\t\t\t<\/div>\n\t\t\t\t<div class=\"elementor-element elementor-element-0b3c512 elementor-widget elementor-widget-text-editor\" data-id=\"0b3c512\" data-element_type=\"widget\" data-widget_type=\"text-editor.default\">\n\t\t\t\t<div class=\"elementor-widget-container\">\n\t\t\t\t\t\t\t\t\t<p>In addition, those interested parties who wish to know more information about their rights can obtain it by calling the Spanish Agency for Data Protection (901.100.099 \/ 91.266.35.17) or on its website <a href=\"http:\/\/www.agpd.es\/\" target=\"_blank\" rel=\"noopener\">http:\/\/www.agpd.es\/<\/a> <\/p>\t\t\t\t\t\t\t\t<\/div>\n\t\t\t\t<\/div>\n\t\t\t\t<div class=\"elementor-element elementor-element-6b0d738 elementor-widget elementor-widget-text-editor\" data-id=\"6b0d738\" data-element_type=\"widget\" data-widget_type=\"text-editor.default\">\n\t\t\t\t<div class=\"elementor-widget-container\">\n\t\t\t\t\t\t\t\t\t<p>Likewise, those interested parties who have not obtained satisfaction in the exercise of their rights may file a claim through the Spanish Agency for Data Protection, located at Calle Jorge Juan, 6 28001-Madrid. Web address: <a href=\"https:\/\/www.aepd.es\/es\" target=\"_blank\" rel=\"noopener\">www.agpd.es<\/a>.<\/p>\t\t\t\t\t\t\t\t<\/div>\n\t\t\t\t<\/div>\n\t\t\t\t\t<\/div>\n\t\t\t\t<\/div>\n\t\t\t\t\t<\/div>\n\t\t\t\t<\/div>\n\t\t\t\t<\/div>","protected":false},"excerpt":{"rendered":"<p>Pol\u00edtica de Privacidad Protecci\u00f3n de datos de car\u00e1cter personal INFORMACI\u00d3N B\u00c1SICA SOBRE PROTECCION DE DATOS Responsable I\u00d1IGO JODRA URIARTE. Finalidad El mantenimiento de la comunicaci\u00f3n entre ambas partes, la resoluci\u00f3n de dudas y consultas planteadas, y para facilitar el acceso a nuestros clientes y contactos a informaci\u00f3n referente a nuestros servicios. Legitimaci\u00f3n Consentimiento del interesado o de su representante legal al rellenar el formulario de la petici\u00f3n o consulta que el mismo realiza, o al contactar a trav\u00e9s de cualquiera de los enlaces a correo electr\u00f3nico de contacto facilitados en la p\u00e1gina. Destinatarios Los datos personales que usted ha facilitado tienen como \u00fanico destinatario a I\u00d1IGO JODRA URIARTE. No se prev\u00e9n cesiones de datos. No se prev\u00e9 la transferencia internacional de sus datos personales. Derechos Tiene derecho a acceder, rectificar y suprimir los datos, as\u00ed como otros derechos, como se explica en la informaci\u00f3n adicional, contactando con I\u00d1IGO JODRA URIARTE C\/ FLORENCIO CASTILLO, 36 BAJO A, MADRID, 28043, esggia@esggia.com Informaci\u00f3n Adicional Puede consultar la informaci\u00f3n adicional sobre Protecci\u00f3n de Datos en el apartado a continuaci\u00f3n. \u00a0 El interesado reconoce la recepci\u00f3n de esta informaci\u00f3n procedente de parte de I\u00d1IGO JODRA URIARTE, y ha le\u00eddo la informaci\u00f3n adicional sobre el tratamiento de sus datos personales. Informaci\u00f3n adicional sobre Protecci\u00f3n de datos \u00bfQui\u00e9n es el Responsable del tratamiento de sus datos personales? Identidad: I\u00d1IGO JODRA URIARTE.Direcci\u00f3n Postal: C\/ FLORENCIO CASTILLO, 36 BAJO A, MADRID, 28043.Correo electr\u00f3nico: esggia@esggia.com \u00bfCon qu\u00e9 finalidad tratamos sus datos personales? I\u00d1IGO JODRA URIARTE trata la informaci\u00f3n que nos facilitan las personas interesadas con el fin de mantener la comunicaci\u00f3n entre ambas partes, la resoluci\u00f3n de dudas y consultas planteadas. \u00bfPor cu\u00e1nto tiempo conservaremos sus datos? Los datos personales proporcionados se conservar\u00e1n durante un tiempo prudencial desde la respuesta a su consulta o petici\u00f3n y se eliminar\u00e1n cuando hayan dejado de ser necesarios para los fines que motivaron su recogida. Si el interesado ha autorizado el uso de su informaci\u00f3n de contacto para fines de recepci\u00f3n de informaci\u00f3n comercial, estos datos ser\u00e1n conservados mientras no se manifieste el deseo de exclusi\u00f3n de las listas de distribuci\u00f3n comerciales. \u00bfCu\u00e1l es la legitimaci\u00f3n para el tratamiento de sus datos personales? La base legal para el tratamiento de sus datos personales es el consentimiento del interesado o de su representante legal al rellenar el formulario de la petici\u00f3n o consulta que el mismo realiza, o al contactar a trav\u00e9s de cualquiera de los enlaces a correo electr\u00f3nico de contacto facilitados en la p\u00e1gina. \u00bfSe comunicar\u00e1n sus datos a terceros? No. Los datos que usted ha proporcionado tienen como destinatario a I\u00d1IGO JODRA URIARTE. No se prev\u00e9 la transferencia internacional de sus datos personales. I\u00d1IGO JODRA URIARTE mantiene contratados servicios de hosting web y webmail con proveedores especializados. Ello supone que los datos de env\u00edos telem\u00e1ticos en alg\u00fan momento se almacenar\u00e1n en estos servidores de terceros con los que I\u00d1IGO JODRA URIARTE tiene firmados las correspondientes cl\u00e1usulas de confidencialidad. \u00bfCu\u00e1les son sus derechos cuando nos facilita sus datos? Las personas interesadas tienen derecho a acceder a sus datos personales, as\u00ed como a solicitar la rectificaci\u00f3n de los datos inexactos o, en su caso, solicitar su supresi\u00f3n cuando, entre otros motivos, los datos ya no sean necesarios para los fines que fueron recogidos. Adem\u00e1s tendr\u00e1n derecho a solicitar la limitaci\u00f3n de su tratamiento y a oponerse a este y tambi\u00e9n tendr\u00e1n derecho a la portabilidad de sus datos personales conforme a lo establecido en el Reglamento de Protecci\u00f3n de Datos sancionado por la Uni\u00f3n Europea. En determinadas circunstancias, los interesados podr\u00e1n solicitar la limitaci\u00f3n del tratamiento de sus datos, en cuyo caso \u00fanicamente los conservaremos para el ejercicio o la defensa de reclamaciones. En determinadas circunstancias y por motivos relacionados con su situaci\u00f3n particular, los interesados podr\u00e1n oponerse al tratamiento de sus datos. I\u00d1IGO JODRA URIARTE dejar\u00e1 de tratar los datos, salvo por motivos leg\u00edtimos o el ejercicio o la defensa de posibles reclamaciones. Para el ejercicio de los derechos establecidos por la ley y los cu\u00e1les han sido descritos anteriormente, hay que dirigirse por escrito a I\u00d1IGO JODRA URIARTE C\/ FLORENCIO CASTILLO, 36 BAJO A, MADRID, 28043, esggia@esggia.com. Si el interesado lo solicita, I\u00d1IGO JODRA URIARTE le facilitar\u00e1 el formulario correspondiente para ejercer cualquiera de sus derechos. Adem\u00e1s, aquellos interesados que deseen saber m\u00e1s informaci\u00f3n sobre sus derechos podr\u00e1n obtenerla llamando a los tel\u00e9fonos 901.100.099 \/ 91.266.35.17 de la Agencia Espa\u00f1ola de Protecci\u00f3n de Datos o en su p\u00e1gina web, en el siguiente enlace: http:\/\/www.agpd.es\/ Asimismo, todos aquellos interesados que no hayan obtenido satisfacci\u00f3n en el ejercicio de sus derechos podr\u00e1n presentar una reclamaci\u00f3n ante la Agencia Espa\u00f1ola de Protecci\u00f3n de Datos, situada en la calle Jorge Juan, 6 28001-Madrid. Direcci\u00f3n web: www.agpd.es.<\/p>","protected":false},"author":1,"featured_media":0,"parent":0,"menu_order":0,"comment_status":"closed","ping_status":"closed","template":"","meta":{"site-sidebar-layout":"no-sidebar","site-content-layout":"page-builder","ast-site-content-layout":"default","site-content-style":"default","site-sidebar-style":"default","ast-global-header-display":"","ast-banner-title-visibility":"","ast-main-header-display":"","ast-hfb-above-header-display":"","ast-hfb-below-header-display":"","ast-hfb-mobile-header-display":"","site-post-title":"disabled","ast-breadcrumbs-content":"","ast-featured-img":"disabled","footer-sml-layout":"","theme-transparent-header-meta":"enabled","adv-header-id-meta":"","stick-header-meta":"","header-above-stick-meta":"","header-main-stick-meta":"","header-below-stick-meta":"","astra-migrate-meta-layouts":"default","ast-page-background-enabled":"default","ast-page-background-meta":{"desktop":{"background-color":"var(--ast-global-color-4)","background-image":"","background-repeat":"repeat","background-position":"center center","background-size":"auto","background-attachment":"scroll","background-type":"","background-media":"","overlay-type":"","overlay-color":"","overlay-opacity":"","overlay-gradient":""},"tablet":{"background-color":"","background-image":"","background-repeat":"repeat","background-position":"center center","background-size":"auto","background-attachment":"scroll","background-type":"","background-media":"","overlay-type":"","overlay-color":"","overlay-opacity":"","overlay-gradient":""},"mobile":{"background-color":"","background-image":"","background-repeat":"repeat","background-position":"center center","background-size":"auto","background-attachment":"scroll","background-type":"","background-media":"","overlay-type":"","overlay-color":"","overlay-opacity":"","overlay-gradient":""}},"ast-content-background-meta":{"desktop":{"background-color":"var(--ast-global-color-5)","background-image":"","background-repeat":"repeat","background-position":"center center","background-size":"auto","background-attachment":"scroll","background-type":"","background-media":"","overlay-type":"","overlay-color":"","overlay-opacity":"","overlay-gradient":""},"tablet":{"background-color":"var(--ast-global-color-5)","background-image":"","background-repeat":"repeat","background-position":"center center","background-size":"auto","background-attachment":"scroll","background-type":"","background-media":"","overlay-type":"","overlay-color":"","overlay-opacity":"","overlay-gradient":""},"mobile":{"background-color":"var(--ast-global-color-5)","background-image":"","background-repeat":"repeat","background-position":"center center","background-size":"auto","background-attachment":"scroll","background-type":"","background-media":"","overlay-type":"","overlay-color":"","overlay-opacity":"","overlay-gradient":""}},"footnotes":""},"class_list":["post-3458","page","type-page","status-publish","hentry"],"_links":{"self":[{"href":"https:\/\/esggia.com\/en\/wp-json\/wp\/v2\/pages\/3458","targetHints":{"allow":["GET"]}}],"collection":[{"href":"https:\/\/esggia.com\/en\/wp-json\/wp\/v2\/pages"}],"about":[{"href":"https:\/\/esggia.com\/en\/wp-json\/wp\/v2\/types\/page"}],"author":[{"embeddable":true,"href":"https:\/\/esggia.com\/en\/wp-json\/wp\/v2\/users\/1"}],"replies":[{"embeddable":true,"href":"https:\/\/esggia.com\/en\/wp-json\/wp\/v2\/comments?post=3458"}],"version-history":[{"count":14,"href":"https:\/\/esggia.com\/en\/wp-json\/wp\/v2\/pages\/3458\/revisions"}],"predecessor-version":[{"id":4622,"href":"https:\/\/esggia.com\/en\/wp-json\/wp\/v2\/pages\/3458\/revisions\/4622"}],"wp:attachment":[{"href":"https:\/\/esggia.com\/en\/wp-json\/wp\/v2\/media?parent=3458"}],"curies":[{"name":"wp","href":"https:\/\/api.w.org\/{rel}","templated":true}]}}