{"id":3452,"date":"2023-04-03T10:18:33","date_gmt":"2023-04-03T10:18:33","guid":{"rendered":"https:\/\/esggia.com\/?page_id=3452"},"modified":"2023-05-30T17:16:51","modified_gmt":"2023-05-30T17:16:51","slug":"aviso-legal","status":"publish","type":"page","link":"https:\/\/esggia.com\/en\/aviso-legal\/","title":{"rendered":"Legal Notice"},"content":{"rendered":"<div data-elementor-type=\"wp-page\" data-elementor-id=\"3452\" class=\"elementor elementor-3452\">\n\t\t\t\t<div class=\"elementor-element elementor-element-96744e1 e-con-full e-flex wpr-particle-no wpr-jarallax-no wpr-parallax-no wpr-sticky-section-no e-con e-parent\" data-id=\"96744e1\" data-element_type=\"container\" data-settings=\"{&quot;background_background&quot;:&quot;classic&quot;}\">\n\t\t<div class=\"elementor-element elementor-element-07b64f3 e-flex e-con-boxed wpr-particle-no wpr-jarallax-no wpr-parallax-no wpr-sticky-section-no e-con e-parent\" data-id=\"07b64f3\" data-element_type=\"container\">\n\t\t\t\t\t<div class=\"e-con-inner\">\n\t\t\t\t\t<\/div>\n\t\t\t\t<\/div>\n\t\t\t\t<\/div>\n\t\t<div class=\"elementor-element elementor-element-3d647d0 e-flex e-con-boxed wpr-particle-no wpr-jarallax-no wpr-parallax-no wpr-sticky-section-no e-con e-parent\" data-id=\"3d647d0\" data-element_type=\"container\">\n\t\t\t\t\t<div class=\"e-con-inner\">\n\t\t<div class=\"elementor-element elementor-element-26a7c63 e-flex e-con-boxed wpr-particle-no wpr-jarallax-no wpr-parallax-no wpr-sticky-section-no e-con e-parent\" data-id=\"26a7c63\" data-element_type=\"container\">\n\t\t\t\t\t<div class=\"e-con-inner\">\n\t\t\t\t<div class=\"elementor-element elementor-element-f4c9eba elementor-widget elementor-widget-heading\" data-id=\"f4c9eba\" data-element_type=\"widget\" data-widget_type=\"heading.default\">\n\t\t\t\t<div class=\"elementor-widget-container\">\n\t\t\t\t\t<h1 class=\"elementor-heading-title elementor-size-default\">Legal Notice<\/h1>\t\t\t\t<\/div>\n\t\t\t\t<\/div>\n\t\t\t\t<div class=\"elementor-element elementor-element-8ea0e06 elementor-widget elementor-widget-spacer\" data-id=\"8ea0e06\" data-element_type=\"widget\" data-widget_type=\"spacer.default\">\n\t\t\t\t<div class=\"elementor-widget-container\">\n\t\t\t\t\t\t\t<div class=\"elementor-spacer\">\n\t\t\t<div class=\"elementor-spacer-inner\"><\/div>\n\t\t<\/div>\n\t\t\t\t\t\t<\/div>\n\t\t\t\t<\/div>\n\t\t\t\t<div class=\"elementor-element elementor-element-8ab5443 elementor-widget elementor-widget-heading\" data-id=\"8ab5443\" data-element_type=\"widget\" data-widget_type=\"heading.default\">\n\t\t\t\t<div class=\"elementor-widget-container\">\n\t\t\t\t\t<p class=\"elementor-heading-title elementor-size-default\">Entity that publishes the web<\/p>\t\t\t\t<\/div>\n\t\t\t\t<\/div>\n\t\t\t\t<div class=\"elementor-element elementor-element-48f9b0b elementor-widget elementor-widget-text-editor\" data-id=\"48f9b0b\" data-element_type=\"widget\" data-widget_type=\"text-editor.default\">\n\t\t\t\t<div class=\"elementor-widget-container\">\n\t\t\t\t\t\t\t\t\t<p>I\u00d1IGO JODRA URIARTE.<\/p><p>C. I. F.: 03093587-H<\/p><p>C\/ FLORENCIO CASTILLO, 36 LOW-TO -<\/p><p>28043, MADRID, spain.<\/p><p>esggia@esggia.com<\/p>\t\t\t\t\t\t\t\t<\/div>\n\t\t\t\t<\/div>\n\t\t\t\t<div class=\"elementor-element elementor-element-c9266f7 elementor-widget elementor-widget-heading\" data-id=\"c9266f7\" data-element_type=\"widget\" data-widget_type=\"heading.default\">\n\t\t\t\t<div class=\"elementor-widget-container\">\n\t\t\t\t\t<p class=\"elementor-heading-title elementor-size-default\">Content and intellectual property<\/p>\t\t\t\t<\/div>\n\t\t\t\t<\/div>\n\t\t\t\t<div class=\"elementor-element elementor-element-51f8e03 elementor-widget elementor-widget-text-editor\" data-id=\"51f8e03\" data-element_type=\"widget\" data-widget_type=\"text-editor.default\">\n\t\t\t\t<div class=\"elementor-widget-container\">\n\t\t\t\t\t\t\t\t\t<p>I\u00d1IGO JODRA URIARTE is the entity that owns the domain names that identify the website and is the owner of the hosting of the pages on the appropriate server, as well as the email accounts that belong to the aforementioned domain. Likewise, it is the owner of the published content, texts and photographs as long as no different ownership is indicated.<\/p>\t\t\t\t\t\t\t\t<\/div>\n\t\t\t\t<\/div>\n\t\t\t\t<div class=\"elementor-element elementor-element-6865542 elementor-widget elementor-widget-text-editor\" data-id=\"6865542\" data-element_type=\"widget\" data-widget_type=\"text-editor.default\">\n\t\t\t\t<div class=\"elementor-widget-container\">\n\t\t\t\t\t\t\t\t\t<p>Reproduction and\/or publication, in whole or in part, of the portal or its contents, nor its computer processing, distribution, dissemination, modification, transformation, or other rights legally recognized to its owners, is not permitted without prior permission, specific and in writing, from the identified authors or I\u00d1IGO JODRA URIARTE.<\/p>\t\t\t\t\t\t\t\t<\/div>\n\t\t\t\t<\/div>\n\t\t\t\t<div class=\"elementor-element elementor-element-b5f88f7 elementor-widget elementor-widget-spacer\" data-id=\"b5f88f7\" data-element_type=\"widget\" data-widget_type=\"spacer.default\">\n\t\t\t\t<div class=\"elementor-widget-container\">\n\t\t\t\t\t\t\t<div class=\"elementor-spacer\">\n\t\t\t<div class=\"elementor-spacer-inner\"><\/div>\n\t\t<\/div>\n\t\t\t\t\t\t<\/div>\n\t\t\t\t<\/div>\n\t\t\t\t<div class=\"elementor-element elementor-element-3908745 elementor-widget elementor-widget-heading\" data-id=\"3908745\" data-element_type=\"widget\" data-widget_type=\"heading.default\">\n\t\t\t\t<div class=\"elementor-widget-container\">\n\t\t\t\t\t<p class=\"elementor-heading-title elementor-size-default\">Law on Information Society and Electronic Commerce<\/p>\t\t\t\t<\/div>\n\t\t\t\t<\/div>\n\t\t\t\t<div class=\"elementor-element elementor-element-c19663e elementor-widget elementor-widget-text-editor\" data-id=\"c19663e\" data-element_type=\"widget\" data-widget_type=\"text-editor.default\">\n\t\t\t\t<div class=\"elementor-widget-container\">\n\t\t\t\t\t\t\t\t\t<p>In compliance with Law 34\/2002 of July 11, on Services of the Information Society and Electronic Commerce, and Law 32\/2003, of November 3, on Telecommunications, users are informed that the sending of the forms or emails will imply the specific consent to receive commercial communications from I\u00d1IGO JODRA URIARTE by email or any other electronic means of communication. However, if you do not wish to continue receiving commercial communications, you can communicate it to C\/ FLORENCIO CASTILLO, 36 BAJO A, 28043, MADRID, esggia@esggia.com.<\/p>\t\t\t\t\t\t\t\t<\/div>\n\t\t\t\t<\/div>\n\t\t\t\t<div class=\"elementor-element elementor-element-d6c0f8a elementor-widget elementor-widget-spacer\" data-id=\"d6c0f8a\" data-element_type=\"widget\" data-widget_type=\"spacer.default\">\n\t\t\t\t<div class=\"elementor-widget-container\">\n\t\t\t\t\t\t\t<div class=\"elementor-spacer\">\n\t\t\t<div class=\"elementor-spacer-inner\"><\/div>\n\t\t<\/div>\n\t\t\t\t\t\t<\/div>\n\t\t\t\t<\/div>\n\t\t\t\t<div class=\"elementor-element elementor-element-4468389 elementor-widget elementor-widget-heading\" data-id=\"4468389\" data-element_type=\"widget\" data-widget_type=\"heading.default\">\n\t\t\t\t<div class=\"elementor-widget-container\">\n\t\t\t\t\t<p class=\"elementor-heading-title elementor-size-default\">Applicable law<\/p>\t\t\t\t<\/div>\n\t\t\t\t<\/div>\n\t\t\t\t<div class=\"elementor-element elementor-element-462eda8 elementor-widget elementor-widget-text-editor\" data-id=\"462eda8\" data-element_type=\"widget\" data-widget_type=\"text-editor.default\">\n\t\t\t\t<div class=\"elementor-widget-container\">\n\t\t\t\t\t\t\t\t\t<p>All disputes arising from the interpretation of this \"Legal Notice\", \"Privacy Policy\" or \"Cookies\" will be governed by Spanish law, specifically the jurisdiction of the Courts and Tribunals of Madrid.<\/p>\t\t\t\t\t\t\t\t<\/div>\n\t\t\t\t<\/div>\n\t\t\t\t\t<\/div>\n\t\t\t\t<\/div>\n\t\t\t\t\t<\/div>\n\t\t\t\t<\/div>\n\t\t\t\t<\/div>","protected":false},"excerpt":{"rendered":"<p>Aviso Legal Entidad que publica la web I\u00d1IGO JODRA URIARTE. C.I.F.: 03093587-H C\/ FLORENCIO CASTILLO, 36 BAJO A 28043, MADRID. esggia@esggia.com Propiedad intelectual y contenido I\u00d1IGO JODRA URIARTE es la entidad propietaria de los nombres de dominio que identifican al sitio web y es titular del alojamiento de las p\u00e1ginas en el servidor oportuno, as\u00ed como de las cuentas de correo electr\u00f3nico que pertenezcan al dominio citado. As\u00ed mismo, es propietaria de los contenidos publicados, textos y fotograf\u00edas mientras no se indique diferente propiedad. No est\u00e1 permitida la reproducci\u00f3n y\/o publicaci\u00f3n, total o parcial, del portal o sus contenidos, ni su tratamiento inform\u00e1tico, su distribuci\u00f3n, su difusi\u00f3n, ni su modificaci\u00f3n, transformaci\u00f3n, ni dem\u00e1s derechos reconocidos legalmente a sus titulares, sin el permiso previo, expreso y por escrito de los autores identificados o de I\u00d1IGO JODRA URIARTE. Ley de la Sociedad de la Informaci\u00f3n y Comercio electr\u00f3nico En cumplimiento de la Ley 34\/2002 de 11 de Julio, de Servicios de la Sociedad de la Informaci\u00f3n y de Comercio Electr\u00f3nico, y la Ley 32\/2003, de 3 de noviembre, General de Telecomunicaciones se informa a los usuarios que el env\u00edo de los formularios o correos electr\u00f3nicos implicar\u00e1 el consentimiento expreso para recibir comunicaciones comerciales de I\u00d1IGO JODRA URIARTE mediante correo electr\u00f3nico o cualquier otro medio electr\u00f3nico de comunicaci\u00f3n. No obstante, sino desea seguir recibiendo comunicaciones comerciales puede comunicarlo en C\/ FLORENCIO CASTILLO, 36 BAJO A, 28043, MADRID, esggia@esggia.com. Legislaci\u00f3n aplicable Toda la controversia surgida de la interpretaci\u00f3n del presente \u201cAviso Legal\u201d, \u201cPol\u00edtica de Privacidad\u201d o \u201cCookies\u201d se regir\u00e1 por la legislaci\u00f3n espa\u00f1ola, en concreto a la jurisdicci\u00f3n de los Juzgados y Tribunales de Madrid.<\/p>","protected":false},"author":1,"featured_media":0,"parent":0,"menu_order":0,"comment_status":"closed","ping_status":"closed","template":"","meta":{"site-sidebar-layout":"no-sidebar","site-content-layout":"page-builder","ast-site-content-layout":"default","site-content-style":"default","site-sidebar-style":"default","ast-global-header-display":"","ast-banner-title-visibility":"","ast-main-header-display":"","ast-hfb-above-header-display":"","ast-hfb-below-header-display":"","ast-hfb-mobile-header-display":"","site-post-title":"disabled","ast-breadcrumbs-content":"","ast-featured-img":"disabled","footer-sml-layout":"","theme-transparent-header-meta":"enabled","adv-header-id-meta":"","stick-header-meta":"","header-above-stick-meta":"","header-main-stick-meta":"","header-below-stick-meta":"","astra-migrate-meta-layouts":"default","ast-page-background-enabled":"default","ast-page-background-meta":{"desktop":{"background-color":"var(--ast-global-color-4)","background-image":"","background-repeat":"repeat","background-position":"center center","background-size":"auto","background-attachment":"scroll","background-type":"","background-media":"","overlay-type":"","overlay-color":"","overlay-opacity":"","overlay-gradient":""},"tablet":{"background-color":"","background-image":"","background-repeat":"repeat","background-position":"center center","background-size":"auto","background-attachment":"scroll","background-type":"","background-media":"","overlay-type":"","overlay-color":"","overlay-opacity":"","overlay-gradient":""},"mobile":{"background-color":"","background-image":"","background-repeat":"repeat","background-position":"center center","background-size":"auto","background-attachment":"scroll","background-type":"","background-media":"","overlay-type":"","overlay-color":"","overlay-opacity":"","overlay-gradient":""}},"ast-content-background-meta":{"desktop":{"background-color":"var(--ast-global-color-5)","background-image":"","background-repeat":"repeat","background-position":"center center","background-size":"auto","background-attachment":"scroll","background-type":"","background-media":"","overlay-type":"","overlay-color":"","overlay-opacity":"","overlay-gradient":""},"tablet":{"background-color":"var(--ast-global-color-5)","background-image":"","background-repeat":"repeat","background-position":"center center","background-size":"auto","background-attachment":"scroll","background-type":"","background-media":"","overlay-type":"","overlay-color":"","overlay-opacity":"","overlay-gradient":""},"mobile":{"background-color":"var(--ast-global-color-5)","background-image":"","background-repeat":"repeat","background-position":"center center","background-size":"auto","background-attachment":"scroll","background-type":"","background-media":"","overlay-type":"","overlay-color":"","overlay-opacity":"","overlay-gradient":""}},"footnotes":""},"class_list":["post-3452","page","type-page","status-publish","hentry"],"_links":{"self":[{"href":"https:\/\/esggia.com\/en\/wp-json\/wp\/v2\/pages\/3452","targetHints":{"allow":["GET"]}}],"collection":[{"href":"https:\/\/esggia.com\/en\/wp-json\/wp\/v2\/pages"}],"about":[{"href":"https:\/\/esggia.com\/en\/wp-json\/wp\/v2\/types\/page"}],"author":[{"embeddable":true,"href":"https:\/\/esggia.com\/en\/wp-json\/wp\/v2\/users\/1"}],"replies":[{"embeddable":true,"href":"https:\/\/esggia.com\/en\/wp-json\/wp\/v2\/comments?post=3452"}],"version-history":[{"count":29,"href":"https:\/\/esggia.com\/en\/wp-json\/wp\/v2\/pages\/3452\/revisions"}],"predecessor-version":[{"id":4625,"href":"https:\/\/esggia.com\/en\/wp-json\/wp\/v2\/pages\/3452\/revisions\/4625"}],"wp:attachment":[{"href":"https:\/\/esggia.com\/en\/wp-json\/wp\/v2\/media?parent=3452"}],"curies":[{"name":"wp","href":"https:\/\/api.w.org\/{rel}","templated":true}]}}